{"id":68076,"date":"2024-05-13T11:24:23","date_gmt":"2024-05-13T09:24:23","guid":{"rendered":"https:\/\/www.yves-piller.ch\/vieux-bois-suisse-bouby-yves-piller\/chez-bouby\/"},"modified":"2024-10-29T11:25:03","modified_gmt":"2024-10-29T10:25:03","slug":"chez-bouby","status":"publish","type":"page","link":"https:\/\/www.yves-piller.ch\/vieux-bois-suisse-bouby-yves-piller\/de\/chez-bouby\/","title":{"rendered":"Bei Bouby"},"content":{"rendered":"<p>[et_pb_section fb_built=&#8220;1&#8243; _builder_version=&#8220;4.24.3&#8243; _module_preset=&#8220;default&#8220; custom_margin=&#8220;0px||0px||false|false&#8220; custom_padding=&#8220;0px||0px||false|false&#8220; global_colors_info=&#8220;{}&#8220; theme_builder_area=&#8220;post_content&#8220;][et_pb_row _builder_version=&#8220;4.24.3&#8243; _module_preset=&#8220;default&#8220; global_colors_info=&#8220;{}&#8220; theme_builder_area=&#8220;post_content&#8220;][et_pb_column type=&#8220;4_4&#8243; _builder_version=&#8220;4.24.3&#8243; _module_preset=&#8220;default&#8220; global_colors_info=&#8220;{}&#8220; theme_builder_area=&#8220;post_content&#8220;][et_pb_image src=&#8220;https:\/\/dev.yves-piller.ch\/wp-content\/uploads\/2024\/06\/Logo-Chez-Bouby-RVB-1200dpi-copie.jpg&#8220; title_text=&#8220;Logo-Chez-Bouby-RVB-1200dpi&#8212;copie&#8220; align=&#8220;center&#8220; _builder_version=&#8220;4.24.3&#8243; _module_preset=&#8220;default&#8220; global_colors_info=&#8220;{}&#8220; theme_builder_area=&#8220;post_content&#8220;][\/et_pb_image][et_pb_text _builder_version=&#8220;4.24.3&#8243; _module_preset=&#8220;default&#8220; global_colors_info=&#8220;{}&#8220; theme_builder_area=&#8220;post_content&#8220;]<\/p>\n<p><span style=\"font-size: 10pt; color: #000000;\">Bouby Antiquit\u00e9s Authentizit\u00e4t ist unser Massstab.Wir sind stolz darauf, Ihnen das gesamte Programm D\u00fcrfen:wir Haben Lange danach gesucht. Bei uns finden sie, ganz nach ihrem Wunsch, alle Arten von Brettern, Balken, Bohlen und diverse Baumaterialien.<br \/>Brauchen Sie altes Holz f\u00fcr den Bau, den Umbau oder zur Dekoration?<\/span><\/p>\n<p><strong><span style=\"font-size: 10pt; color: #000000;\"><span style=\"font-size: 10pt;\"><em>Bouby Antiquit\u00e9s<br \/>Ihr Spezialist f\u00fcr Schweizer Altholz<\/em><\/span><\/span><\/strong><\/p>\n<p>[\/et_pb_text][et_pb_text _builder_version=&#8220;4.24.3&#8243; _module_preset=&#8220;default&#8220; global_colors_info=&#8220;{}&#8220; theme_builder_area=&#8220;post_content&#8220;]<\/p>\n<p><span style=\"color: #000000;\"><span style=\"font-size: 10pt;\">Alte Holzt\u00e4fellung, Fassadenbretter, Sonnenverbrannten Brettern, Chalet Renovation, Holz, Antik Holz, Altes Holz, Holz Schweiz, Chalet Altholz, Wandholz, Bohlen, Alte Materialien, Decken, Originale Fussb\u00f6denbretter, Fussb\u00f6denbretter, Tannenholzbretter, Alter Boden, Bretter, Tannenholzbretter, Alte Bretter, Fassadenbretter, Sonnenverbrannten Brettern, Balken, Tannenbalken, Antik Balken, Altholz, Altes Holz, M\u00f6bel Antike, Antike M\u00f6bel, Alte M\u00f6bel, Tannenholz Sparren, alte Verschalung, d\u00e9co alte H\u00f6lzer, Handgehackt, Balken mit Handgehackter Oberfl\u00e4che, Sparren mit original gehackter Oberfl\u00e4che, Bretter mit original gehackter Oberfl\u00e4che, Alte Eiche,<\/span><\/span><\/p>\n<p>[\/et_pb_text][\/et_pb_column][\/et_pb_row][\/et_pb_section]<\/p>\n","protected":false},"excerpt":{"rendered":"<p>Bouby Antiquit\u00e9s Authentizit\u00e4t ist unser Massstab.Wir sind stolz darauf, Ihnen das gesamte Programm D\u00fcrfen:wir Haben Lange danach gesucht. Bei uns finden sie, ganz nach ihrem Wunsch, alle Arten von Brettern, Balken, Bohlen und diverse Baumaterialien.Brauchen Sie altes Holz f\u00fcr den Bau, den Umbau oder zur Dekoration? Bouby Antiquit\u00e9sIhr Spezialist f\u00fcr Schweizer AltholzAlte Holzt\u00e4fellung, Fassadenbretter, Sonnenverbrannten [&hellip;]<\/p>\n","protected":false},"author":1,"featured_media":0,"parent":0,"menu_order":0,"comment_status":"closed","ping_status":"closed","template":"","meta":{"_acf_changed":false,"_et_pb_use_builder":"on","_et_pb_old_content":"","_et_gb_content_width":"","inline_featured_image":false,"footnotes":""},"class_list":["post-68076","page","type-page","status-publish","hentry"],"acf":[],"yoast_head":"<!-- This site is optimized with the Yoast SEO plugin v27.3 - https:\/\/yoast.com\/product\/yoast-seo-wordpress\/ -->\n<title>Bei Bouby - yves-piller.ch<\/title>\n<meta name=\"robots\" content=\"index, follow, max-snippet:-1, max-image-preview:large, max-video-preview:-1\" \/>\n<link rel=\"canonical\" href=\"https:\/\/www.yves-piller.ch\/vieux-bois-suisse-bouby-yves-piller\/de\/chez-bouby\/\" \/>\n<meta property=\"og:locale\" content=\"de_DE\" \/>\n<meta property=\"og:type\" content=\"article\" \/>\n<meta property=\"og:title\" content=\"Bei Bouby - yves-piller.ch\" \/>\n<meta property=\"og:description\" content=\"Bouby Antiquit\u00e9s Authentizit\u00e4t ist unser Massstab.Wir sind stolz darauf, Ihnen das gesamte Programm D\u00fcrfen:wir Haben Lange danach gesucht. Bei uns finden sie, ganz nach ihrem Wunsch, alle Arten von Brettern, Balken, Bohlen und diverse Baumaterialien.Brauchen Sie altes Holz f\u00fcr den Bau, den Umbau oder zur Dekoration? Bouby Antiquit\u00e9sIhr Spezialist f\u00fcr Schweizer AltholzAlte Holzt\u00e4fellung, Fassadenbretter, Sonnenverbrannten [&hellip;]\" \/>\n<meta property=\"og:url\" content=\"https:\/\/www.yves-piller.ch\/vieux-bois-suisse-bouby-yves-piller\/de\/chez-bouby\/\" \/>\n<meta property=\"og:site_name\" content=\"yves-piller.ch\" \/>\n<meta property=\"article:modified_time\" content=\"2024-10-29T10:25:03+00:00\" \/>\n<meta name=\"twitter:card\" content=\"summary_large_image\" \/>\n<meta name=\"twitter:label1\" content=\"Gesch\u00e4tzte Lesezeit\" \/>\n\t<meta name=\"twitter:data1\" content=\"1\u00a0Minute\" \/>\n<script type=\"application\/ld+json\" class=\"yoast-schema-graph\">{\"@context\":\"https:\\\/\\\/schema.org\",\"@graph\":[{\"@type\":\"WebPage\",\"@id\":\"https:\\\/\\\/www.yves-piller.ch\\\/vieux-bois-suisse-bouby-yves-piller\\\/de\\\/chez-bouby\\\/\",\"url\":\"https:\\\/\\\/www.yves-piller.ch\\\/vieux-bois-suisse-bouby-yves-piller\\\/de\\\/chez-bouby\\\/\",\"name\":\"Bei Bouby - yves-piller.ch\",\"isPartOf\":{\"@id\":\"https:\\\/\\\/www.yves-piller.ch\\\/vieux-bois-suisse-bouby-yves-piller\\\/#website\"},\"datePublished\":\"2024-05-13T09:24:23+00:00\",\"dateModified\":\"2024-10-29T10:25:03+00:00\",\"breadcrumb\":{\"@id\":\"https:\\\/\\\/www.yves-piller.ch\\\/vieux-bois-suisse-bouby-yves-piller\\\/de\\\/chez-bouby\\\/#breadcrumb\"},\"inLanguage\":\"de\",\"potentialAction\":[{\"@type\":\"ReadAction\",\"target\":[\"https:\\\/\\\/www.yves-piller.ch\\\/vieux-bois-suisse-bouby-yves-piller\\\/de\\\/chez-bouby\\\/\"]}]},{\"@type\":\"BreadcrumbList\",\"@id\":\"https:\\\/\\\/www.yves-piller.ch\\\/vieux-bois-suisse-bouby-yves-piller\\\/de\\\/chez-bouby\\\/#breadcrumb\",\"itemListElement\":[{\"@type\":\"ListItem\",\"position\":1,\"name\":\"Accueil\",\"item\":\"https:\\\/\\\/www.yves-piller.ch\\\/vieux-bois-suisse-bouby-yves-piller\\\/de\\\/\"},{\"@type\":\"ListItem\",\"position\":2,\"name\":\"Bei Bouby\"}]},{\"@type\":\"WebSite\",\"@id\":\"https:\\\/\\\/www.yves-piller.ch\\\/vieux-bois-suisse-bouby-yves-piller\\\/#website\",\"url\":\"https:\\\/\\\/www.yves-piller.ch\\\/vieux-bois-suisse-bouby-yves-piller\\\/\",\"name\":\"Yves Piller Vieux Bois Suisse Chez Bouby\",\"description\":\"\",\"publisher\":{\"@id\":\"https:\\\/\\\/www.yves-piller.ch\\\/vieux-bois-suisse-bouby-yves-piller\\\/#organization\"},\"potentialAction\":[{\"@type\":\"SearchAction\",\"target\":{\"@type\":\"EntryPoint\",\"urlTemplate\":\"https:\\\/\\\/www.yves-piller.ch\\\/vieux-bois-suisse-bouby-yves-piller\\\/?s={search_term_string}\"},\"query-input\":{\"@type\":\"PropertyValueSpecification\",\"valueRequired\":true,\"valueName\":\"search_term_string\"}}],\"inLanguage\":\"de\"},{\"@type\":\"Organization\",\"@id\":\"https:\\\/\\\/www.yves-piller.ch\\\/vieux-bois-suisse-bouby-yves-piller\\\/#organization\",\"name\":\"Chez Bouby, Yves Piller Vieux Bois Suisse\",\"url\":\"https:\\\/\\\/www.yves-piller.ch\\\/vieux-bois-suisse-bouby-yves-piller\\\/\",\"logo\":{\"@type\":\"ImageObject\",\"inLanguage\":\"de\",\"@id\":\"https:\\\/\\\/www.yves-piller.ch\\\/vieux-bois-suisse-bouby-yves-piller\\\/#\\\/schema\\\/logo\\\/image\\\/\",\"url\":\"https:\\\/\\\/www.yves-piller.ch\\\/vieux-bois-suisse-bouby-yves-piller\\\/wp-content\\\/uploads\\\/2024\\\/06\\\/Logo-Chez-Bouby-RVB-1200dpi-copie.jpg\",\"contentUrl\":\"https:\\\/\\\/www.yves-piller.ch\\\/vieux-bois-suisse-bouby-yves-piller\\\/wp-content\\\/uploads\\\/2024\\\/06\\\/Logo-Chez-Bouby-RVB-1200dpi-copie.jpg\",\"width\":500,\"height\":302,\"caption\":\"Chez Bouby, Yves Piller Vieux Bois Suisse\"},\"image\":{\"@id\":\"https:\\\/\\\/www.yves-piller.ch\\\/vieux-bois-suisse-bouby-yves-piller\\\/#\\\/schema\\\/logo\\\/image\\\/\"}}]}<\/script>\n<!-- \/ Yoast SEO plugin. -->","yoast_head_json":{"title":"Bei Bouby - yves-piller.ch","robots":{"index":"index","follow":"follow","max-snippet":"max-snippet:-1","max-image-preview":"max-image-preview:large","max-video-preview":"max-video-preview:-1"},"canonical":"https:\/\/www.yves-piller.ch\/vieux-bois-suisse-bouby-yves-piller\/de\/chez-bouby\/","og_locale":"de_DE","og_type":"article","og_title":"Bei Bouby - yves-piller.ch","og_description":"Bouby Antiquit\u00e9s Authentizit\u00e4t ist unser Massstab.Wir sind stolz darauf, Ihnen das gesamte Programm D\u00fcrfen:wir Haben Lange danach gesucht. Bei uns finden sie, ganz nach ihrem Wunsch, alle Arten von Brettern, Balken, Bohlen und diverse Baumaterialien.Brauchen Sie altes Holz f\u00fcr den Bau, den Umbau oder zur Dekoration? Bouby Antiquit\u00e9sIhr Spezialist f\u00fcr Schweizer AltholzAlte Holzt\u00e4fellung, Fassadenbretter, Sonnenverbrannten [&hellip;]","og_url":"https:\/\/www.yves-piller.ch\/vieux-bois-suisse-bouby-yves-piller\/de\/chez-bouby\/","og_site_name":"yves-piller.ch","article_modified_time":"2024-10-29T10:25:03+00:00","twitter_card":"summary_large_image","twitter_misc":{"Gesch\u00e4tzte Lesezeit":"1\u00a0Minute"},"schema":{"@context":"https:\/\/schema.org","@graph":[{"@type":"WebPage","@id":"https:\/\/www.yves-piller.ch\/vieux-bois-suisse-bouby-yves-piller\/de\/chez-bouby\/","url":"https:\/\/www.yves-piller.ch\/vieux-bois-suisse-bouby-yves-piller\/de\/chez-bouby\/","name":"Bei Bouby - yves-piller.ch","isPartOf":{"@id":"https:\/\/www.yves-piller.ch\/vieux-bois-suisse-bouby-yves-piller\/#website"},"datePublished":"2024-05-13T09:24:23+00:00","dateModified":"2024-10-29T10:25:03+00:00","breadcrumb":{"@id":"https:\/\/www.yves-piller.ch\/vieux-bois-suisse-bouby-yves-piller\/de\/chez-bouby\/#breadcrumb"},"inLanguage":"de","potentialAction":[{"@type":"ReadAction","target":["https:\/\/www.yves-piller.ch\/vieux-bois-suisse-bouby-yves-piller\/de\/chez-bouby\/"]}]},{"@type":"BreadcrumbList","@id":"https:\/\/www.yves-piller.ch\/vieux-bois-suisse-bouby-yves-piller\/de\/chez-bouby\/#breadcrumb","itemListElement":[{"@type":"ListItem","position":1,"name":"Accueil","item":"https:\/\/www.yves-piller.ch\/vieux-bois-suisse-bouby-yves-piller\/de\/"},{"@type":"ListItem","position":2,"name":"Bei Bouby"}]},{"@type":"WebSite","@id":"https:\/\/www.yves-piller.ch\/vieux-bois-suisse-bouby-yves-piller\/#website","url":"https:\/\/www.yves-piller.ch\/vieux-bois-suisse-bouby-yves-piller\/","name":"Yves Piller Vieux Bois Suisse Chez Bouby","description":"","publisher":{"@id":"https:\/\/www.yves-piller.ch\/vieux-bois-suisse-bouby-yves-piller\/#organization"},"potentialAction":[{"@type":"SearchAction","target":{"@type":"EntryPoint","urlTemplate":"https:\/\/www.yves-piller.ch\/vieux-bois-suisse-bouby-yves-piller\/?s={search_term_string}"},"query-input":{"@type":"PropertyValueSpecification","valueRequired":true,"valueName":"search_term_string"}}],"inLanguage":"de"},{"@type":"Organization","@id":"https:\/\/www.yves-piller.ch\/vieux-bois-suisse-bouby-yves-piller\/#organization","name":"Chez Bouby, Yves Piller Vieux Bois Suisse","url":"https:\/\/www.yves-piller.ch\/vieux-bois-suisse-bouby-yves-piller\/","logo":{"@type":"ImageObject","inLanguage":"de","@id":"https:\/\/www.yves-piller.ch\/vieux-bois-suisse-bouby-yves-piller\/#\/schema\/logo\/image\/","url":"https:\/\/www.yves-piller.ch\/vieux-bois-suisse-bouby-yves-piller\/wp-content\/uploads\/2024\/06\/Logo-Chez-Bouby-RVB-1200dpi-copie.jpg","contentUrl":"https:\/\/www.yves-piller.ch\/vieux-bois-suisse-bouby-yves-piller\/wp-content\/uploads\/2024\/06\/Logo-Chez-Bouby-RVB-1200dpi-copie.jpg","width":500,"height":302,"caption":"Chez Bouby, Yves Piller Vieux Bois Suisse"},"image":{"@id":"https:\/\/www.yves-piller.ch\/vieux-bois-suisse-bouby-yves-piller\/#\/schema\/logo\/image\/"}}]}},"_links":{"self":[{"href":"https:\/\/www.yves-piller.ch\/vieux-bois-suisse-bouby-yves-piller\/de\/wp-json\/wp\/v2\/pages\/68076","targetHints":{"allow":["GET"]}}],"collection":[{"href":"https:\/\/www.yves-piller.ch\/vieux-bois-suisse-bouby-yves-piller\/de\/wp-json\/wp\/v2\/pages"}],"about":[{"href":"https:\/\/www.yves-piller.ch\/vieux-bois-suisse-bouby-yves-piller\/de\/wp-json\/wp\/v2\/types\/page"}],"author":[{"embeddable":true,"href":"https:\/\/www.yves-piller.ch\/vieux-bois-suisse-bouby-yves-piller\/de\/wp-json\/wp\/v2\/users\/1"}],"replies":[{"embeddable":true,"href":"https:\/\/www.yves-piller.ch\/vieux-bois-suisse-bouby-yves-piller\/de\/wp-json\/wp\/v2\/comments?post=68076"}],"version-history":[{"count":5,"href":"https:\/\/www.yves-piller.ch\/vieux-bois-suisse-bouby-yves-piller\/de\/wp-json\/wp\/v2\/pages\/68076\/revisions"}],"predecessor-version":[{"id":73922,"href":"https:\/\/www.yves-piller.ch\/vieux-bois-suisse-bouby-yves-piller\/de\/wp-json\/wp\/v2\/pages\/68076\/revisions\/73922"}],"wp:attachment":[{"href":"https:\/\/www.yves-piller.ch\/vieux-bois-suisse-bouby-yves-piller\/de\/wp-json\/wp\/v2\/media?parent=68076"}],"curies":[{"name":"wp","href":"https:\/\/api.w.org\/{rel}","templated":true}]}}