{"id":37222,"date":"2024-05-13T11:24:23","date_gmt":"2024-05-13T09:24:23","guid":{"rendered":"https:\/\/dev.yves-piller.ch\/?page_id=37222"},"modified":"2024-06-28T08:47:44","modified_gmt":"2024-06-28T06:47:44","slug":"chez-bouby","status":"publish","type":"page","link":"https:\/\/www.yves-piller.ch\/vieux-bois-suisse-bouby-yves-piller\/chez-bouby\/","title":{"rendered":"Chez Bouby"},"content":{"rendered":"<p>[et_pb_section fb_built=\u00a0\u00bb1&Prime; _builder_version=\u00a0\u00bb4.24.3&Prime; _module_preset=\u00a0\u00bbdefault\u00a0\u00bb custom_margin=\u00a0\u00bb0px||0px||false|false\u00a0\u00bb custom_padding=\u00a0\u00bb0px||0px||false|false\u00a0\u00bb global_colors_info=\u00a0\u00bb{}\u00a0\u00bb theme_builder_area=\u00a0\u00bbpost_content\u00a0\u00bb][et_pb_row _builder_version=\u00a0\u00bb4.24.3&Prime; _module_preset=\u00a0\u00bbdefault\u00a0\u00bb global_colors_info=\u00a0\u00bb{}\u00a0\u00bb theme_builder_area=\u00a0\u00bbpost_content\u00a0\u00bb][et_pb_column type=\u00a0\u00bb4_4&Prime; _builder_version=\u00a0\u00bb4.24.3&Prime; _module_preset=\u00a0\u00bbdefault\u00a0\u00bb global_colors_info=\u00a0\u00bb{}\u00a0\u00bb theme_builder_area=\u00a0\u00bbpost_content\u00a0\u00bb][et_pb_image src=\u00a0\u00bbhttps:\/\/dev.yves-piller.ch\/wp-content\/uploads\/2024\/06\/Logo-Chez-Bouby-RVB-1200dpi-copie.jpg\u00a0\u00bb title_text=\u00a0\u00bbLogo-Chez-Bouby-RVB-1200dpi&#8212;copie\u00a0\u00bb align=\u00a0\u00bbcenter\u00a0\u00bb _builder_version=\u00a0\u00bb4.24.3&Prime; _module_preset=\u00a0\u00bbdefault\u00a0\u00bb global_colors_info=\u00a0\u00bb{}\u00a0\u00bb theme_builder_area=\u00a0\u00bbpost_content\u00a0\u00bb][\/et_pb_image][et_pb_text _builder_version=\u00a0\u00bb4.24.3&Prime; _module_preset=\u00a0\u00bbdefault\u00a0\u00bb global_colors_info=\u00a0\u00bb{}\u00a0\u00bb theme_builder_area=\u00a0\u00bbpost_content\u00a0\u00bb]<\/p>\n<p><span style=\"font-size: 10pt; color: #000000;\">Bouby est fier de vous pr\u00e9senter la gamme de ses produits suisses, fruit de longues recherches effectu\u00e9es dans le respect de l&rsquo;authenticit\u00e9.<br \/>A votre choix, vous pouvez entrer dans la gamme des planches, des poutres, des meubles, des madriers et des divers mat\u00e9riaux de construction.<br \/>Avez-vous besoin de vieux-bois pour votre construction, votre transformation ou votre d\u00e9coration?<br \/>Alors, n&rsquo;h\u00e9sitez pas \u00e0 me contacter<\/span><\/p>\n<p><strong><span style=\"font-size: 10pt; color: #000000;\"><span style=\"font-size: 10pt;\"><em>Bouby Antiquit\u00e9s<br \/>le sp\u00e9cialiste du vieux-bois suisse<\/em><\/span><\/span><\/strong><\/p>\n<p>[\/et_pb_text][et_pb_text _builder_version=\u00a0\u00bb4.24.3&Prime; _module_preset=\u00a0\u00bbdefault\u00a0\u00bb global_colors_info=\u00a0\u00bb{}\u00a0\u00bb theme_builder_area=\u00a0\u00bbpost_content\u00a0\u00bb]<\/p>\n<p><span style=\"color: #000000;\"><span style=\"font-size: 10pt;\">Anciennes boiseries, Bardage, Bardage vieux bois, R\u00e9novation de chalets, Bois, Bois ancien, Bois Suisse, Chalets vieux bois, Madrier, Mat\u00e9riaux anciens, Plafonds, Planchers d&rsquo;origine, Planchers en sapin, Vieux plancher, Planches , Planches en sapin, Vielles planches, Planches de\u00a0 fa\u00e7ade, Poutres, Poutres en sapin, Vieilles poutres, Vieux bois, Meubles anciens, Vieux meubles, Chevrons en sapin, Vieux bardage, D\u00e9co vieux bois, Planches taill\u00e9es hache, Poutres taill\u00e9es hache, Chevrons taill\u00e9s hache, avec surface d&rsquo;origine, Planches taill\u00e9es hache, avec surface d&rsquo;origine, Vieux ch\u00eane<\/span><\/span><\/p>\n<p>[\/et_pb_text][\/et_pb_column][\/et_pb_row][\/et_pb_section]<\/p>\n","protected":false},"excerpt":{"rendered":"<p>Bouby est fier de vous pr\u00e9senter la gamme de ses produits suisses, fruit de longues recherches effectu\u00e9es dans le respect de l&rsquo;authenticit\u00e9.A votre choix, vous pouvez entrer dans la gamme des planches, des poutres, des meubles, des madriers et des divers mat\u00e9riaux de construction.Avez-vous besoin de vieux-bois pour votre construction, votre transformation ou votre d\u00e9coration?Alors, [&hellip;]<\/p>\n","protected":false},"author":1,"featured_media":0,"parent":0,"menu_order":0,"comment_status":"closed","ping_status":"closed","template":"","meta":{"_acf_changed":false,"_et_pb_use_builder":"on","_et_pb_old_content":"","_et_gb_content_width":"","inline_featured_image":false,"footnotes":""},"class_list":["post-37222","page","type-page","status-publish","hentry"],"acf":[],"yoast_head":"<!-- This site is optimized with the Yoast SEO plugin v27.5 - https:\/\/yoast.com\/product\/yoast-seo-wordpress\/ -->\n<title>Chez Bouby - yves-piller.ch<\/title>\n<meta name=\"robots\" content=\"index, follow, max-snippet:-1, max-image-preview:large, max-video-preview:-1\" \/>\n<link rel=\"canonical\" href=\"https:\/\/www.yves-piller.ch\/vieux-bois-suisse-bouby-yves-piller\/chez-bouby\/\" \/>\n<meta property=\"og:locale\" content=\"fr_FR\" \/>\n<meta property=\"og:type\" content=\"article\" \/>\n<meta property=\"og:title\" content=\"Chez Bouby - yves-piller.ch\" \/>\n<meta property=\"og:description\" content=\"Bouby est fier de vous pr\u00e9senter la gamme de ses produits suisses, fruit de longues recherches effectu\u00e9es dans le respect de l&#039;authenticit\u00e9.A votre choix, vous pouvez entrer dans la gamme des planches, des poutres, des meubles, des madriers et des divers mat\u00e9riaux de construction.Avez-vous besoin de vieux-bois pour votre construction, votre transformation ou votre d\u00e9coration?Alors, [&hellip;]\" \/>\n<meta property=\"og:url\" content=\"https:\/\/www.yves-piller.ch\/vieux-bois-suisse-bouby-yves-piller\/chez-bouby\/\" \/>\n<meta property=\"og:site_name\" content=\"yves-piller.ch\" \/>\n<meta property=\"article:modified_time\" content=\"2024-06-28T06:47:44+00:00\" \/>\n<meta name=\"twitter:card\" content=\"summary_large_image\" \/>\n<meta name=\"twitter:label1\" content=\"Dur\u00e9e de lecture estim\u00e9e\" \/>\n\t<meta name=\"twitter:data1\" content=\"2 minutes\" \/>\n<script type=\"application\/ld+json\" class=\"yoast-schema-graph\">{\"@context\":\"https:\\\/\\\/schema.org\",\"@graph\":[{\"@type\":\"WebPage\",\"@id\":\"https:\\\/\\\/www.yves-piller.ch\\\/vieux-bois-suisse-bouby-yves-piller\\\/chez-bouby\\\/\",\"url\":\"https:\\\/\\\/www.yves-piller.ch\\\/vieux-bois-suisse-bouby-yves-piller\\\/chez-bouby\\\/\",\"name\":\"Chez Bouby - yves-piller.ch\",\"isPartOf\":{\"@id\":\"https:\\\/\\\/www.yves-piller.ch\\\/vieux-bois-suisse-bouby-yves-piller\\\/#website\"},\"datePublished\":\"2024-05-13T09:24:23+00:00\",\"dateModified\":\"2024-06-28T06:47:44+00:00\",\"breadcrumb\":{\"@id\":\"https:\\\/\\\/www.yves-piller.ch\\\/vieux-bois-suisse-bouby-yves-piller\\\/chez-bouby\\\/#breadcrumb\"},\"inLanguage\":\"fr-FR\",\"potentialAction\":[{\"@type\":\"ReadAction\",\"target\":[\"https:\\\/\\\/www.yves-piller.ch\\\/vieux-bois-suisse-bouby-yves-piller\\\/chez-bouby\\\/\"]}]},{\"@type\":\"BreadcrumbList\",\"@id\":\"https:\\\/\\\/www.yves-piller.ch\\\/vieux-bois-suisse-bouby-yves-piller\\\/chez-bouby\\\/#breadcrumb\",\"itemListElement\":[{\"@type\":\"ListItem\",\"position\":1,\"name\":\"Accueil\",\"item\":\"https:\\\/\\\/www.yves-piller.ch\\\/vieux-bois-suisse-bouby-yves-piller\\\/accueil\\\/\"},{\"@type\":\"ListItem\",\"position\":2,\"name\":\"Chez Bouby\"}]},{\"@type\":\"WebSite\",\"@id\":\"https:\\\/\\\/www.yves-piller.ch\\\/vieux-bois-suisse-bouby-yves-piller\\\/#website\",\"url\":\"https:\\\/\\\/www.yves-piller.ch\\\/vieux-bois-suisse-bouby-yves-piller\\\/\",\"name\":\"Yves Piller Vieux Bois Suisse Chez Bouby\",\"description\":\"\",\"publisher\":{\"@id\":\"https:\\\/\\\/www.yves-piller.ch\\\/vieux-bois-suisse-bouby-yves-piller\\\/#organization\"},\"potentialAction\":[{\"@type\":\"SearchAction\",\"target\":{\"@type\":\"EntryPoint\",\"urlTemplate\":\"https:\\\/\\\/www.yves-piller.ch\\\/vieux-bois-suisse-bouby-yves-piller\\\/?s={search_term_string}\"},\"query-input\":{\"@type\":\"PropertyValueSpecification\",\"valueRequired\":true,\"valueName\":\"search_term_string\"}}],\"inLanguage\":\"fr-FR\"},{\"@type\":\"Organization\",\"@id\":\"https:\\\/\\\/www.yves-piller.ch\\\/vieux-bois-suisse-bouby-yves-piller\\\/#organization\",\"name\":\"Chez Bouby, Yves Piller Vieux Bois Suisse\",\"url\":\"https:\\\/\\\/www.yves-piller.ch\\\/vieux-bois-suisse-bouby-yves-piller\\\/\",\"logo\":{\"@type\":\"ImageObject\",\"inLanguage\":\"fr-FR\",\"@id\":\"https:\\\/\\\/www.yves-piller.ch\\\/vieux-bois-suisse-bouby-yves-piller\\\/#\\\/schema\\\/logo\\\/image\\\/\",\"url\":\"https:\\\/\\\/www.yves-piller.ch\\\/vieux-bois-suisse-bouby-yves-piller\\\/wp-content\\\/uploads\\\/2024\\\/06\\\/Logo-Chez-Bouby-RVB-1200dpi-copie.jpg\",\"contentUrl\":\"https:\\\/\\\/www.yves-piller.ch\\\/vieux-bois-suisse-bouby-yves-piller\\\/wp-content\\\/uploads\\\/2024\\\/06\\\/Logo-Chez-Bouby-RVB-1200dpi-copie.jpg\",\"width\":500,\"height\":302,\"caption\":\"Chez Bouby, Yves Piller Vieux Bois Suisse\"},\"image\":{\"@id\":\"https:\\\/\\\/www.yves-piller.ch\\\/vieux-bois-suisse-bouby-yves-piller\\\/#\\\/schema\\\/logo\\\/image\\\/\"}}]}<\/script>\n<!-- \/ Yoast SEO plugin. -->","yoast_head_json":{"title":"Chez Bouby - yves-piller.ch","robots":{"index":"index","follow":"follow","max-snippet":"max-snippet:-1","max-image-preview":"max-image-preview:large","max-video-preview":"max-video-preview:-1"},"canonical":"https:\/\/www.yves-piller.ch\/vieux-bois-suisse-bouby-yves-piller\/chez-bouby\/","og_locale":"fr_FR","og_type":"article","og_title":"Chez Bouby - yves-piller.ch","og_description":"Bouby est fier de vous pr\u00e9senter la gamme de ses produits suisses, fruit de longues recherches effectu\u00e9es dans le respect de l'authenticit\u00e9.A votre choix, vous pouvez entrer dans la gamme des planches, des poutres, des meubles, des madriers et des divers mat\u00e9riaux de construction.Avez-vous besoin de vieux-bois pour votre construction, votre transformation ou votre d\u00e9coration?Alors, [&hellip;]","og_url":"https:\/\/www.yves-piller.ch\/vieux-bois-suisse-bouby-yves-piller\/chez-bouby\/","og_site_name":"yves-piller.ch","article_modified_time":"2024-06-28T06:47:44+00:00","twitter_card":"summary_large_image","twitter_misc":{"Dur\u00e9e de lecture estim\u00e9e":"2 minutes"},"schema":{"@context":"https:\/\/schema.org","@graph":[{"@type":"WebPage","@id":"https:\/\/www.yves-piller.ch\/vieux-bois-suisse-bouby-yves-piller\/chez-bouby\/","url":"https:\/\/www.yves-piller.ch\/vieux-bois-suisse-bouby-yves-piller\/chez-bouby\/","name":"Chez Bouby - yves-piller.ch","isPartOf":{"@id":"https:\/\/www.yves-piller.ch\/vieux-bois-suisse-bouby-yves-piller\/#website"},"datePublished":"2024-05-13T09:24:23+00:00","dateModified":"2024-06-28T06:47:44+00:00","breadcrumb":{"@id":"https:\/\/www.yves-piller.ch\/vieux-bois-suisse-bouby-yves-piller\/chez-bouby\/#breadcrumb"},"inLanguage":"fr-FR","potentialAction":[{"@type":"ReadAction","target":["https:\/\/www.yves-piller.ch\/vieux-bois-suisse-bouby-yves-piller\/chez-bouby\/"]}]},{"@type":"BreadcrumbList","@id":"https:\/\/www.yves-piller.ch\/vieux-bois-suisse-bouby-yves-piller\/chez-bouby\/#breadcrumb","itemListElement":[{"@type":"ListItem","position":1,"name":"Accueil","item":"https:\/\/www.yves-piller.ch\/vieux-bois-suisse-bouby-yves-piller\/accueil\/"},{"@type":"ListItem","position":2,"name":"Chez Bouby"}]},{"@type":"WebSite","@id":"https:\/\/www.yves-piller.ch\/vieux-bois-suisse-bouby-yves-piller\/#website","url":"https:\/\/www.yves-piller.ch\/vieux-bois-suisse-bouby-yves-piller\/","name":"Yves Piller Vieux Bois Suisse Chez Bouby","description":"","publisher":{"@id":"https:\/\/www.yves-piller.ch\/vieux-bois-suisse-bouby-yves-piller\/#organization"},"potentialAction":[{"@type":"SearchAction","target":{"@type":"EntryPoint","urlTemplate":"https:\/\/www.yves-piller.ch\/vieux-bois-suisse-bouby-yves-piller\/?s={search_term_string}"},"query-input":{"@type":"PropertyValueSpecification","valueRequired":true,"valueName":"search_term_string"}}],"inLanguage":"fr-FR"},{"@type":"Organization","@id":"https:\/\/www.yves-piller.ch\/vieux-bois-suisse-bouby-yves-piller\/#organization","name":"Chez Bouby, Yves Piller Vieux Bois Suisse","url":"https:\/\/www.yves-piller.ch\/vieux-bois-suisse-bouby-yves-piller\/","logo":{"@type":"ImageObject","inLanguage":"fr-FR","@id":"https:\/\/www.yves-piller.ch\/vieux-bois-suisse-bouby-yves-piller\/#\/schema\/logo\/image\/","url":"https:\/\/www.yves-piller.ch\/vieux-bois-suisse-bouby-yves-piller\/wp-content\/uploads\/2024\/06\/Logo-Chez-Bouby-RVB-1200dpi-copie.jpg","contentUrl":"https:\/\/www.yves-piller.ch\/vieux-bois-suisse-bouby-yves-piller\/wp-content\/uploads\/2024\/06\/Logo-Chez-Bouby-RVB-1200dpi-copie.jpg","width":500,"height":302,"caption":"Chez Bouby, Yves Piller Vieux Bois Suisse"},"image":{"@id":"https:\/\/www.yves-piller.ch\/vieux-bois-suisse-bouby-yves-piller\/#\/schema\/logo\/image\/"}}]}},"_links":{"self":[{"href":"https:\/\/www.yves-piller.ch\/vieux-bois-suisse-bouby-yves-piller\/wp-json\/wp\/v2\/pages\/37222","targetHints":{"allow":["GET"]}}],"collection":[{"href":"https:\/\/www.yves-piller.ch\/vieux-bois-suisse-bouby-yves-piller\/wp-json\/wp\/v2\/pages"}],"about":[{"href":"https:\/\/www.yves-piller.ch\/vieux-bois-suisse-bouby-yves-piller\/wp-json\/wp\/v2\/types\/page"}],"author":[{"embeddable":true,"href":"https:\/\/www.yves-piller.ch\/vieux-bois-suisse-bouby-yves-piller\/wp-json\/wp\/v2\/users\/1"}],"replies":[{"embeddable":true,"href":"https:\/\/www.yves-piller.ch\/vieux-bois-suisse-bouby-yves-piller\/wp-json\/wp\/v2\/comments?post=37222"}],"version-history":[{"count":14,"href":"https:\/\/www.yves-piller.ch\/vieux-bois-suisse-bouby-yves-piller\/wp-json\/wp\/v2\/pages\/37222\/revisions"}],"predecessor-version":[{"id":67300,"href":"https:\/\/www.yves-piller.ch\/vieux-bois-suisse-bouby-yves-piller\/wp-json\/wp\/v2\/pages\/37222\/revisions\/67300"}],"wp:attachment":[{"href":"https:\/\/www.yves-piller.ch\/vieux-bois-suisse-bouby-yves-piller\/wp-json\/wp\/v2\/media?parent=37222"}],"curies":[{"name":"wp","href":"https:\/\/api.w.org\/{rel}","templated":true}]}}